{"id":9,"date":"2016-04-19T19:02:00","date_gmt":"2016-04-19T19:02:00","guid":{"rendered":"http:\/\/www.ol-pers.se\/?page_id=9"},"modified":"2016-09-25T19:19:39","modified_gmt":"2016-09-25T19:19:39","slug":"om-oss","status":"publish","type":"page","link":"https:\/\/www.ol-pers.se\/?page_id=9","title":{"rendered":"Om oss"},"content":{"rendered":"<div id=\"fb_share_1\" style=\"float: right; margin-left: 10px;\"><a name=\"fb_share\" type=\"box_count\" share_url=\"https:\/\/www.ol-pers.se\/?page_id=9\" href=\"http:\/\/www.facebook.com\/sharer.php\">Share<\/a><\/div><div><script src=\"http:\/\/static.ak.fbcdn.net\/connect.php\/js\/FB.Share\" type=\"text\/javascript\"><\/script><\/div><p><strong>Det \u00e4r fyra damer med respektive som dragit ig\u00e5ng 2016 \u00e5rs sl\u00e4kttr\u00e4ff.\u00a0<\/strong><\/p>\n<p>Vi \u00e4r tre systrar M\u00e4rit, Gunnel och \u00c5sa (vi sa \u201dfaffar\u201d till Jo i Ol-Pers) och \u00e4r numera \u00e4r \u00e4gare till Ol-Pers. \u00a0Lena, (som sa \u201dmoffar\u201d till Bror p\u00e5 Ny\u00e5kra) \u00e4r ocks\u00e5 med i gruppen och vi alla k\u00e4nde att det var dags f\u00f6r en ny sl\u00e4kttr\u00e4ff! Det var 27 \u00e5r sedan senast nu har vi lyckats genomf\u00f6ra ytterligare en lyckad tr\u00e4ff.<\/p>\n<p>S\u00e5 vilka \u00e4r vi d\u00e5\u2026.<\/p>\n<p><strong>M\u00e4rit Englund<\/strong>\u00a0(070-666 53 66) \u2013 \u201den r\u00f6d h\u00e5rig sjuk sk\u00f6terska\u201d som vi kan skylla p\u00e5 om sjuksk\u00f6terskorna inte kan sitt jobb<strong><br \/>\n<\/strong><\/p>\n<p><strong>Gunnel \u00d6stman <\/strong>(070-565 96 75)\u00a0\u2013 mellansystern som f\u00e5r medla i allt (tycker hon)<\/p>\n<p><strong>\u00c5sa Wengfelt<\/strong>\u00a0(073-809 17 36) \u2013 familjens bortsk\u00e4mda sladdbarn som BARA \u00e4r 46<\/p>\n<p><strong>Lena R\u00e5ghall <\/strong>(070-629 96 28)\u00a0\u2013 har adopterat in sig i Ol-Pers f\u00f6r att slippa att <em>bara<\/em> ha br\u00f6der<\/p>\n<p>Och sedan v\u00e5ra respektive\u2026.<\/p>\n<p><strong>Ivan Englund<\/strong> (070-548 65 01)\u00a0\u2013 banktj\u00e4nstemannen som gick hem<\/p>\n<p><strong>Knut \u00d6stman<\/strong> (070-582 42 71)\u00a0\u2013 fixar\u00b4n som kan allt<\/p>\n<p><strong>Thomas Wengfelt\u00a0<\/strong>(070-318 78 99) \u2013 det jag tycker om g\u00f6r jag till 100%<\/p>\n<p><strong>Lars R\u00e5ghall <\/strong>(070-574 90 10)<strong>\u00a0<\/strong>&#8211; som h\u00e5ller oss andra i schack n\u00e4r vi sv\u00e4var ut<\/p>\n<p>&nbsp;<\/p>\n<p>&nbsp;<\/p>\n","protected":false},"excerpt":{"rendered":"<p>ShareDet \u00e4r fyra damer med respektive som dragit ig\u00e5ng 2016 \u00e5rs sl\u00e4kttr\u00e4ff.\u00a0 Vi \u00e4r tre systrar M\u00e4rit, Gunnel och \u00c5sa (vi sa \u201dfaffar\u201d till Jo i Ol-Pers) och \u00e4r numera \u00e4r \u00e4gare till Ol-Pers. \u00a0Lena, (som sa \u201dmoffar\u201d till Bror<span class=\"ellipsis\">&hellip;<\/span><\/p>\n<div class=\"read-more\"><a href=\"https:\/\/www.ol-pers.se\/?page_id=9\">L\u00e4s mer &#8250;<\/a><\/div>\n<p><!-- end of .read-more --><\/p>\n","protected":false},"author":3,"featured_media":0,"parent":0,"menu_order":0,"comment_status":"closed","ping_status":"closed","template":"full-width-page.php","meta":[],"_links":{"self":[{"href":"https:\/\/www.ol-pers.se\/index.php?rest_route=\/wp\/v2\/pages\/9"}],"collection":[{"href":"https:\/\/www.ol-pers.se\/index.php?rest_route=\/wp\/v2\/pages"}],"about":[{"href":"https:\/\/www.ol-pers.se\/index.php?rest_route=\/wp\/v2\/types\/page"}],"author":[{"embeddable":true,"href":"https:\/\/www.ol-pers.se\/index.php?rest_route=\/wp\/v2\/users\/3"}],"replies":[{"embeddable":true,"href":"https:\/\/www.ol-pers.se\/index.php?rest_route=%2Fwp%2Fv2%2Fcomments&post=9"}],"version-history":[{"count":9,"href":"https:\/\/www.ol-pers.se\/index.php?rest_route=\/wp\/v2\/pages\/9\/revisions"}],"predecessor-version":[{"id":131,"href":"https:\/\/www.ol-pers.se\/index.php?rest_route=\/wp\/v2\/pages\/9\/revisions\/131"}],"wp:attachment":[{"href":"https:\/\/www.ol-pers.se\/index.php?rest_route=%2Fwp%2Fv2%2Fmedia&parent=9"}],"curies":[{"name":"wp","href":"https:\/\/api.w.org\/{rel}","templated":true}]}}